{"id":995,"date":"2021-09-24T12:21:49","date_gmt":"2021-09-24T10:21:49","guid":{"rendered":"http:\/\/cme.es\/?page_id=995"},"modified":"2025-05-20T11:34:06","modified_gmt":"2025-05-20T09:34:06","slug":"revista-escuela-deportiva-cme","status":"publish","type":"page","link":"https:\/\/cme.es\/?page_id=995","title":{"rendered":"REVISTAS MONTA\u00d1ERO CF"},"content":{"rendered":"<h3>LA REVISTA DE LA ESCUELA DEPORTIVA DE MONTA\u00d1ERO CF<\/h3>\n<p><span style=\"font-size: 14pt;\">\u00bfQuieres estar informado de toda la actualidad de la Escuela Deportiva? \u00a1Esta es tu revista! Se trata de una edici\u00f3n tanto impresa como online de la revista, que tambi\u00e9n puede descargarse como pdf, con contenido multimedia para que no te pierdas nada y est\u00e9s informado de todo lo que pasa en esta aventura de la Escuela Deportiva MONTA\u00d1ERO CF. En los siguientes enlaces se puede acceder a los publicados hasta ahora, as\u00ed como los de las temporadas anteriores:<\/span><\/p>\n<h1><span style=\"font-size: 18pt;\"><strong><span style=\"color: #ff0000; font-family: georgia, palatino, serif;\">Temporada 2024-2025<\/span><\/strong><\/span><\/h1>\n<p><span style=\"font-size: 14pt;\"><strong>Revista n\u00ba 10<\/strong><\/span><\/p>\n<div class=\"_df_book df-lite\" id=\"df_2225\"  _slug=\"revista-ed-cme-2025-no-10\" data-title=\"revista-ed-cme-2025-no-10\" wpoptions=\"true\" thumbtype=\"\" ><\/div><script class=\"df-shortcode-script\" nowprocket type=\"application\/javascript\">window.option_df_2225 = {\"outline\":[],\"autoEnableOutline\":\"false\",\"autoEnableThumbnail\":\"false\",\"overwritePDFOutline\":\"false\",\"direction\":\"1\",\"pageSize\":\"0\",\"source\":\"https:\\\/\\\/cme.es\\\/wp-content\\\/uploads\\\/2025\\\/05\\\/Montanero-2025-10.pdf\",\"wpOptions\":\"true\"}; if(window.DFLIP && window.DFLIP.parseBooks){window.DFLIP.parseBooks();}<\/script>\n<hr \/>\n<p><span style=\"font-size: 14pt;\"><strong>Revista n\u00ba 9<\/strong><\/span><\/p>\n<div class=\"_df_book df-lite\" id=\"df_2223\"  _slug=\"revista-ed-cme-2025-no-9\" data-title=\"revista-ed-cme-2025-no-9\" wpoptions=\"true\" thumbtype=\"\" ><\/div><script class=\"df-shortcode-script\" nowprocket type=\"application\/javascript\">window.option_df_2223 = {\"outline\":[],\"autoEnableOutline\":\"false\",\"autoEnableThumbnail\":\"false\",\"overwritePDFOutline\":\"false\",\"direction\":\"1\",\"pageSize\":\"0\",\"source\":\"https:\\\/\\\/cme.es\\\/wp-content\\\/uploads\\\/2025\\\/05\\\/Montanero-2025-09.pdf\",\"wpOptions\":\"true\"}; if(window.DFLIP && window.DFLIP.parseBooks){window.DFLIP.parseBooks();}<\/script>\n<hr \/>\n<p><span style=\"font-size: 14pt;\"><strong>Revista n\u00ba 8<\/strong><\/span><\/p>\n<div class=\"_df_book df-lite\" id=\"df_2221\"  _slug=\"revista-ed-cme-2025-no-8\" data-title=\"revista-ed-cme-2025-no-8\" wpoptions=\"true\" thumbtype=\"\" ><\/div><script class=\"df-shortcode-script\" nowprocket type=\"application\/javascript\">window.option_df_2221 = {\"outline\":[],\"autoEnableOutline\":\"false\",\"autoEnableThumbnail\":\"false\",\"overwritePDFOutline\":\"false\",\"direction\":\"1\",\"pageSize\":\"0\",\"source\":\"https:\\\/\\\/cme.es\\\/wp-content\\\/uploads\\\/2025\\\/05\\\/Montanero-2025-08.pdf\",\"wpOptions\":\"true\"}; if(window.DFLIP && window.DFLIP.parseBooks){window.DFLIP.parseBooks();}<\/script>\n<hr \/>\n<p><span style=\"font-size: 14pt;\"><strong>Revista n\u00ba 7<\/strong><\/span><\/p>\n<div class=\"_df_book df-lite\" id=\"df_2215\"  _slug=\"2215\" data-title=\"revista-ed-cme-2025-no-7\" wpoptions=\"true\" thumbtype=\"\" ><\/div><script class=\"df-shortcode-script\" nowprocket type=\"application\/javascript\">window.option_df_2215 = {\"outline\":[],\"autoEnableOutline\":\"false\",\"autoEnableThumbnail\":\"false\",\"overwritePDFOutline\":\"false\",\"direction\":\"1\",\"pageSize\":\"0\",\"source\":\"https:\\\/\\\/cme.es\\\/wp-content\\\/uploads\\\/2025\\\/05\\\/Montanero-2025-07.pdf\",\"wpOptions\":\"true\"}; if(window.DFLIP && window.DFLIP.parseBooks){window.DFLIP.parseBooks();}<\/script>\n<hr \/>\n<p><span style=\"font-size: 14pt;\"><strong>Revista n\u00ba 6<\/strong><\/span><\/p>\n<div class=\"_df_book df-lite\" id=\"df_2210\"  _slug=\"2210\" data-title=\"\" wpoptions=\"true\" thumbtype=\"\" ><\/div><script class=\"df-shortcode-script\" nowprocket type=\"application\/javascript\">window.option_df_2210 = {\"outline\":[],\"autoEnableOutline\":\"false\",\"autoEnableThumbnail\":\"false\",\"overwritePDFOutline\":\"false\",\"direction\":\"1\",\"pageSize\":\"0\",\"source\":\"https:\\\/\\\/cme.es\\\/wp-content\\\/uploads\\\/2025\\\/05\\\/Montanero-2025-06.pdf\",\"wpOptions\":\"true\"}; if(window.DFLIP && window.DFLIP.parseBooks){window.DFLIP.parseBooks();}<\/script>\n<hr \/>\n<p><span style=\"font-size: 14pt;\"><strong>Revista n\u00ba 5<\/strong><\/span><\/p>\n<div class=\"_df_book df-lite\" id=\"df_2191\"  _slug=\"revista-montanero-cf-no-5-2025\" data-title=\"revista-montanero-cf-no-5-2025\" wpoptions=\"true\" thumbtype=\"\" ><\/div><script class=\"df-shortcode-script\" nowprocket type=\"application\/javascript\">window.option_df_2191 = {\"outline\":[],\"autoEnableOutline\":\"false\",\"autoEnableThumbnail\":\"false\",\"overwritePDFOutline\":\"false\",\"direction\":\"1\",\"pageSize\":\"0\",\"source\":\"https:\\\/\\\/cme.es\\\/wp-content\\\/uploads\\\/2025\\\/02\\\/Montanero-2025-05.pdf\",\"wpOptions\":\"true\"}; if(window.DFLIP && window.DFLIP.parseBooks){window.DFLIP.parseBooks();}<\/script>\n<hr \/>\n<p><span style=\"font-size: 14pt;\"><strong>Revista n\u00ba 4<\/strong><\/span><\/p>\n<div class=\"_df_book df-lite\" id=\"df_2186\"  _slug=\"revista-montanero-cf-no-4-2025\" data-title=\"revista-montanero-cf-no-4-2025\" wpoptions=\"true\" thumbtype=\"\" ><\/div><script class=\"df-shortcode-script\" nowprocket type=\"application\/javascript\">window.option_df_2186 = {\"outline\":[],\"autoEnableOutline\":\"false\",\"autoEnableThumbnail\":\"false\",\"overwritePDFOutline\":\"false\",\"direction\":\"1\",\"pageSize\":\"0\",\"source\":\"https:\\\/\\\/cme.es\\\/wp-content\\\/uploads\\\/2025\\\/02\\\/Montanero-2025-04.pdf\",\"wpOptions\":\"true\"}; if(window.DFLIP && window.DFLIP.parseBooks){window.DFLIP.parseBooks();}<\/script>\n<hr \/>\n<p><span style=\"font-size: 14pt;\"><strong>Revista n\u00ba 3<\/strong><\/span><\/p>\n<div class=\"_df_book df-lite\" id=\"df_2181\"  _slug=\"montanero-fc-no-3-2025\" data-title=\"montanero-fc-no-3-2025\" wpoptions=\"true\" thumbtype=\"\" ><\/div><script class=\"df-shortcode-script\" nowprocket type=\"application\/javascript\">window.option_df_2181 = {\"outline\":[],\"autoEnableOutline\":\"false\",\"autoEnableThumbnail\":\"false\",\"overwritePDFOutline\":\"false\",\"direction\":\"1\",\"pageSize\":\"0\",\"source\":\"https:\\\/\\\/cme.es\\\/wp-content\\\/uploads\\\/2025\\\/02\\\/Montanero-2025-03.pdf\",\"wpOptions\":\"true\"}; if(window.DFLIP && window.DFLIP.parseBooks){window.DFLIP.parseBooks();}<\/script>\n<hr \/>\n<p><span style=\"font-size: 14pt;\"><strong>Revista n\u00ba2<\/strong><\/span><\/p>\n<div class=\"_df_book df-lite\" id=\"df_2144\"  _slug=\"revista-montanero-no2-2025\" data-title=\"revista-montanero-no2-2025\" wpoptions=\"true\" thumbtype=\"\" ><\/div><script class=\"df-shortcode-script\" nowprocket type=\"application\/javascript\">window.option_df_2144 = {\"outline\":[],\"autoEnableOutline\":\"false\",\"autoEnableThumbnail\":\"false\",\"overwritePDFOutline\":\"false\",\"direction\":\"1\",\"pageSize\":\"0\",\"source\":\"https:\\\/\\\/cme.es\\\/wp-content\\\/uploads\\\/2025\\\/01\\\/Montanero-2025-02.pdf\",\"wpOptions\":\"true\"}; if(window.DFLIP && window.DFLIP.parseBooks){window.DFLIP.parseBooks();}<\/script>\n<hr \/>\n<p><span style=\"font-size: 14pt;\"><strong>Revista n\u00ba1 (2025)<\/strong><\/span><\/p>\n<div class=\"_df_book df-lite\" id=\"df_2140\"  _slug=\"2140\" data-title=\"\" wpoptions=\"true\" thumbtype=\"\" ><\/div><script class=\"df-shortcode-script\" nowprocket type=\"application\/javascript\">window.option_df_2140 = {\"outline\":[],\"autoEnableOutline\":\"false\",\"autoEnableThumbnail\":\"false\",\"overwritePDFOutline\":\"false\",\"enableDownload\":\"false\",\"direction\":\"1\",\"pageSize\":\"0\",\"soundEnable\":\"false\",\"source\":\"https:\\\/\\\/cme.es\\\/wp-content\\\/uploads\\\/2025\\\/01\\\/Montanero-2025-01.pdf\",\"wpOptions\":\"true\"}; if(window.DFLIP && window.DFLIP.parseBooks){window.DFLIP.parseBooks();}<\/script>\n<p>&nbsp;<\/p>\n<h1><\/h1>\n<h1><span style=\"font-size: 18pt;\"><strong><span style=\"color: #ff0000; font-family: georgia, palatino, serif;\">Temporada 2022-2023<\/span><\/strong><\/span><\/h1>\n<p><strong><span style=\"font-family: georgia, palatino, serif; font-size: 14pt;\"><a href=\"https:\/\/cme.es\/?page_id=1852\">&#8211; Revista n\u00ba 1<\/a><\/span><\/strong><\/p>\n<p><strong><span style=\"font-family: georgia, palatino, serif; font-size: 14pt;\"><a href=\"https:\/\/cme.es\/?page_id=1873\">&#8211; Revista n\u00ba 2<\/a><\/span><\/strong><\/p>\n<p><strong><span style=\"font-family: georgia, palatino, serif; font-size: 14pt;\"><a href=\"https:\/\/cme.es\/?page_id=1874\">&#8211; Revista n\u00ba 3<\/a><\/span><\/strong><\/p>\n<p><strong><span style=\"font-family: georgia, palatino, serif; font-size: 14pt;\"><a href=\"https:\/\/cme.es\/?page_id=1900\">&#8211; Revista n\u00ba 4<\/a><\/span><\/strong><\/p>\n<p><strong><span style=\"font-family: georgia, palatino, serif; font-size: 14pt;\"><a href=\"https:\/\/cme.es\/?page_id=1921\">&#8211; Revista n\u00ba 5<\/a><\/span><\/strong><\/p>\n<p><strong><span style=\"font-family: georgia, palatino, serif; font-size: 14pt;\"><a href=\"https:\/\/cme.es\/?page_id=1930\">&#8211; Revista n\u00ba 6<\/a><\/span><\/strong><\/p>\n<p><strong><span style=\"font-family: georgia, palatino, serif; font-size: 14pt;\"><a href=\"https:\/\/cme.es\/?page_id=1952\">&#8211; Revista n\u00ba 10<\/a><\/span><\/strong><\/p>\n<p><strong><span style=\"font-family: georgia, palatino, serif; font-size: 14pt;\"><a href=\"https:\/\/cme.es\/?page_id=1967\">&#8211; Revista n\u00ba 11<\/a><\/span><\/strong><\/p>\n<p><strong><span style=\"font-family: georgia, palatino, serif; font-size: 14pt;\"><a href=\"https:\/\/cme.es\/?page_id=1980\">&#8211; Revista n\u00ba 12<\/a><\/span><\/strong><\/p>\n<p><strong><span style=\"font-family: georgia, palatino, serif; font-size: 14pt;\"><a href=\"https:\/\/cme.es\/?page_id=1980\">&#8211; Revista n\u00ba 13<\/a><\/span><\/strong><\/p>\n<p><strong><span style=\"font-family: georgia, palatino, serif; font-size: 14pt;\"><a href=\"https:\/\/cme.es\/?page_id=2003\">&#8211; Revista n\u00ba 14<\/a><\/span><\/strong><\/p>\n<p><strong><span style=\"font-family: georgia, palatino, serif; font-size: 14pt;\"><a href=\"https:\/\/cme.es\/?page_id=2013\">&#8211; Revista n\u00ba 15<\/a><\/span><\/strong><\/p>\n<p><strong><span style=\"font-family: georgia, palatino, serif; font-size: 14pt;\"><a href=\"https:\/\/cme.es\/?page_id=2013\">&#8211; Revista n\u00ba 16<\/a><\/span><\/strong><\/p>\n<p><strong><span style=\"font-family: georgia, palatino, serif; font-size: 14pt;\"><a href=\"https:\/\/cme.es\/?page_id=2013\">&#8211; Revista n\u00ba 17<\/a><\/span><\/strong><\/p>\n<p><strong><span style=\"font-family: georgia, palatino, serif; font-size: 14pt;\"><a href=\"https:\/\/cme.es\/?p=2059\">&#8211; Revista n\u00ba 18<\/a><\/span><\/strong><\/p>\n<p><strong><span style=\"font-family: georgia, palatino, serif; font-size: 14pt;\"><a href=\"https:\/\/cme.es\/?p=2065\">&#8211; Revista n\u00ba 19<\/a><\/span><\/strong><\/p>\n<p><strong><span style=\"font-family: georgia, palatino, serif; font-size: 14pt;\"><a href=\"https:\/\/cme.es\/?p=2073\">&#8211; Revista n\u00ba 20<\/a><\/span><\/strong><\/p>\n<p>&nbsp;<\/p>\n<h1><span style=\"font-size: 18pt;\"><strong><span style=\"color: #ff0000; font-family: georgia, palatino, serif;\">Temporada 2021-2022<\/span><\/strong><\/span><\/h1>\n<p><strong><span style=\"font-family: georgia, palatino, serif; font-size: 14pt;\"><a href=\"http:\/\/cme.es\/?page_id=1011\">&#8211; Revista n\u00ba 1\u00a0<\/a><\/span><\/strong><\/p>\n<p><strong><span style=\"font-family: georgia, palatino, serif; font-size: 14pt;\"><a href=\"https:\/\/cme.es\/?page_id=1151\">&#8211; Revista n\u00ba 2\u00a0<\/a><\/span><\/strong><\/p>\n<p><strong><span style=\"font-family: georgia, palatino, serif; font-size: 14pt;\"><a href=\"https:\/\/cme.es\/?page_id=1222\">&#8211; Revista n\u00ba 3<\/a><\/span><\/strong><\/p>\n<p><strong><span style=\"font-family: georgia, palatino, serif; font-size: 14pt;\"><a href=\"https:\/\/cme.es\/?page_id=1238\">&#8211; Revista n\u00ba 4<\/a><\/span><\/strong><\/p>\n<p><strong><span style=\"font-family: georgia, palatino, serif; font-size: 14pt;\"><a href=\"https:\/\/cme.es\/?page_id=1297\">&#8211; Revista n\u00ba 5<\/a><\/span><\/strong><\/p>\n<p><strong><span style=\"font-family: georgia, palatino, serif; font-size: 14pt;\"><a href=\"https:\/\/cme.es\/?page_id=1320\">&#8211; Revista n\u00ba 6<\/a><\/span><\/strong><\/p>\n<p><strong><span style=\"font-family: georgia, palatino, serif; font-size: 14pt;\"><a href=\"https:\/\/cme.es\/?page_id=1338\">&#8211; Revista n\u00ba 7<\/a><\/span><\/strong><\/p>\n<p><strong><span style=\"font-family: georgia, palatino, serif; font-size: 14pt;\"><a href=\"https:\/\/cme.es\/?page_id=1364\">&#8211; Revista n\u00ba 8<\/a><\/span><\/strong><\/p>\n<p><strong><span style=\"font-family: georgia, palatino, serif; font-size: 14pt;\"><a href=\"https:\/\/cme.es\/?page_id=1442\">&#8211; Revista n\u00ba 9<\/a><\/span><\/strong><\/p>\n<p><strong><span style=\"font-family: georgia, palatino, serif; font-size: 14pt;\"><a href=\"https:\/\/cme.es\/?page_id=1458\">&#8211; Revista n\u00ba 10<\/a><\/span><\/strong><\/p>\n<p><strong><span style=\"font-family: georgia, palatino, serif; font-size: 14pt;\"><a href=\"https:\/\/cme.es\/?page_id=1499\">&#8211; Revista n\u00ba 11<\/a><\/span><\/strong><\/p>\n<p><strong><span style=\"font-family: georgia, palatino, serif; font-size: 14pt;\"><a href=\"https:\/\/cme.es\/?page_id=1524\">&#8211; Revista n\u00ba 12<\/a><\/span><\/strong><\/p>\n<p><strong><span style=\"font-family: georgia, palatino, serif; font-size: 14pt;\"><a href=\"https:\/\/cme.es\/?page_id=1542\">&#8211; Revista n\u00ba 13<\/a><\/span><\/strong><\/p>\n<p><strong><span style=\"font-family: georgia, palatino, serif; font-size: 14pt;\"><a href=\"https:\/\/cme.es\/?p=1553\">&#8211; Revista n\u00ba 14<\/a><\/span><\/strong><\/p>\n<p><strong><span style=\"font-family: georgia, palatino, serif; font-size: 14pt;\"><a href=\"https:\/\/cme.es\/?p=1553\">&#8211; Revista n\u00ba 15<\/a><\/span><\/strong><\/p>\n<p><strong><span style=\"font-family: georgia, palatino, serif; font-size: 14pt;\"><a href=\"https:\/\/cme.es\/?page_id=1573\">&#8211; Revista n\u00ba 16<\/a><\/span><\/strong><\/p>\n<p><strong><span style=\"font-family: georgia, palatino, serif; font-size: 14pt;\"><a href=\"https:\/\/cme.es\/?page_id=1619\">&#8211; Revista n\u00ba 17<\/a><\/span><\/strong><\/p>\n<p><strong><span style=\"font-family: georgia, palatino, serif; font-size: 14pt;\"><a href=\"https:\/\/cme.es\/?page_id=1614\">&#8211; Revista n\u00ba 18<\/a><\/span><\/strong><\/p>\n<p><strong><span style=\"font-family: georgia, palatino, serif; font-size: 14pt;\"><a href=\"https:\/\/cme.es\/?page_id=1608\">&#8211; Revista n\u00ba 19<\/a><\/span><\/strong><\/p>\n<p><strong><span style=\"font-family: georgia, palatino, serif; font-size: 14pt;\"><a href=\"https:\/\/cme.es\/?page_id=1671\">&#8211; Revista n\u00ba 20<\/a><\/span><\/strong><\/p>\n<p><strong><span style=\"font-family: georgia, palatino, serif; font-size: 14pt;\"><a href=\"https:\/\/cme.es\/?page_id=1672\">&#8211; Revista n\u00ba 21<\/a><\/span><\/strong><\/p>\n<p><strong><span style=\"font-family: georgia, palatino, serif; font-size: 14pt;\"><a href=\"https:\/\/cme.es\/?page_id=1673\">&#8211; Revista n\u00ba 22<\/a><\/span><\/strong><\/p>\n<p><strong><span style=\"font-family: georgia, palatino, serif; font-size: 14pt;\"><a href=\"https:\/\/cme.es\/revista-escuela-deportiva-cme-no-23\/\">&#8211; Revista n\u00ba 23<\/a><\/span><\/strong><\/p>\n<p><strong><span style=\"font-family: georgia, palatino, serif; font-size: 14pt;\"><a href=\"https:\/\/cme.es\/revista-escuela-deportiva-cme-no25\/\">&#8211; Revista n\u00ba 25<\/a><\/span><\/strong><\/p>\n<p><strong><span style=\"font-family: georgia, palatino, serif; font-size: 14pt;\"><a href=\"https:\/\/cme.es\/revista-escuela-deportiva-cme-no26\/\">&#8211; Revista n\u00ba 26<\/a><\/span><\/strong><\/p>\n<p>&nbsp;<\/p>\n","protected":false},"excerpt":{"rendered":"<p>LA REVISTA DE LA ESCUELA DEPORTIVA DE MONTA\u00d1ERO CF \u00bfQuieres estar informado de toda la actualidad de la Escuela Deportiva? \u00a1Esta es tu revista! Se trata de una edici\u00f3n tanto&hellip;<\/p>\n","protected":false},"author":1,"featured_media":0,"parent":0,"menu_order":0,"comment_status":"closed","ping_status":"closed","template":"","meta":{"footnotes":""},"class_list":["post-995","page","type-page","status-publish","hentry"],"jetpack_sharing_enabled":true,"jetpack_shortlink":"https:\/\/wp.me\/P76rMC-g3","_links":{"self":[{"href":"https:\/\/cme.es\/index.php?rest_route=\/wp\/v2\/pages\/995","targetHints":{"allow":["GET"]}}],"collection":[{"href":"https:\/\/cme.es\/index.php?rest_route=\/wp\/v2\/pages"}],"about":[{"href":"https:\/\/cme.es\/index.php?rest_route=\/wp\/v2\/types\/page"}],"author":[{"embeddable":true,"href":"https:\/\/cme.es\/index.php?rest_route=\/wp\/v2\/users\/1"}],"replies":[{"embeddable":true,"href":"https:\/\/cme.es\/index.php?rest_route=%2Fwp%2Fv2%2Fcomments&post=995"}],"version-history":[{"count":51,"href":"https:\/\/cme.es\/index.php?rest_route=\/wp\/v2\/pages\/995\/revisions"}],"predecessor-version":[{"id":2227,"href":"https:\/\/cme.es\/index.php?rest_route=\/wp\/v2\/pages\/995\/revisions\/2227"}],"wp:attachment":[{"href":"https:\/\/cme.es\/index.php?rest_route=%2Fwp%2Fv2%2Fmedia&parent=995"}],"curies":[{"name":"wp","href":"https:\/\/api.w.org\/{rel}","templated":true}]}}