{"id":889,"date":"2021-05-31T20:28:59","date_gmt":"2021-05-31T18:28:59","guid":{"rendered":"http:\/\/cme.es\/?page_id=889"},"modified":"2026-02-02T10:03:51","modified_gmt":"2026-02-02T09:03:51","slug":"escuela-deportiva-cme","status":"publish","type":"page","link":"https:\/\/cme.es\/?page_id=889","title":{"rendered":"MONTA\u00d1ERO CF"},"content":{"rendered":"\t\t<div data-elementor-type=\"wp-page\" data-elementor-id=\"889\" class=\"elementor elementor-889\">\n\t\t\t\t<div class=\"elementor-element elementor-element-022311c e-flex e-con-boxed e-con e-parent\" data-id=\"022311c\" data-element_type=\"container\" data-e-type=\"container\">\n\t\t\t\t\t<div class=\"e-con-inner\">\n\t\t\t\t<div class=\"elementor-element elementor-element-a7b1e72 elementor-widget elementor-widget-image\" data-id=\"a7b1e72\" data-element_type=\"widget\" data-e-type=\"widget\" data-widget_type=\"image.default\">\n\t\t\t\t\t\t\t\t\t\t\t\t\t\t\t<img fetchpriority=\"high\" decoding=\"async\" width=\"1024\" height=\"576\" src=\"https:\/\/cme.es\/wp-content\/uploads\/2026\/02\/PORTADAS-WEB-REVISTA-ED-1024x576.jpg\" class=\"attachment-large size-large wp-image-2431\" alt=\"\" srcset=\"https:\/\/cme.es\/wp-content\/uploads\/2026\/02\/PORTADAS-WEB-REVISTA-ED-1024x576.jpg 1024w, https:\/\/cme.es\/wp-content\/uploads\/2026\/02\/PORTADAS-WEB-REVISTA-ED-300x169.jpg 300w, https:\/\/cme.es\/wp-content\/uploads\/2026\/02\/PORTADAS-WEB-REVISTA-ED-768x432.jpg 768w, https:\/\/cme.es\/wp-content\/uploads\/2026\/02\/PORTADAS-WEB-REVISTA-ED-1536x864.jpg 1536w, https:\/\/cme.es\/wp-content\/uploads\/2026\/02\/PORTADAS-WEB-REVISTA-ED.jpg 1920w\" sizes=\"(max-width: 1024px) 100vw, 1024px\" \/>\t\t\t\t\t\t\t\t\t\t\t\t\t\t\t<\/div>\n\t\t\t\t<div class=\"elementor-element elementor-element-4a481d2 elementor-widget elementor-widget-heading\" data-id=\"4a481d2\" data-element_type=\"widget\" data-e-type=\"widget\" data-widget_type=\"heading.default\">\n\t\t\t\t\t<h2 class=\"elementor-heading-title elementor-size-default\"><h2><strong><span style=\"color: #993300\">3 MOTIVOS PARA ELEGIR LA ESCUELA DEPORTIVA MONTA\u00d1ERO CF<\/span><\/strong><span style=\"font-family: Roboto, sans-serif;font-size: 4.5rem;font-style: inherit;text-transform: inherit;letter-spacing: 0.01em\"><\/span><\/h2><\/h2>\t\t\t\t<\/div>\n\t\t\t\t\t<\/div>\n\t\t\t\t<\/div>\n\t\t<div class=\"elementor-element elementor-element-dd1d94b e-grid e-con-boxed e-con e-parent\" data-id=\"dd1d94b\" data-element_type=\"container\" data-e-type=\"container\">\n\t\t\t\t\t<div class=\"e-con-inner\">\n\t\t\t\t<div class=\"elementor-element elementor-element-47af51c elementor-widget elementor-widget-image\" data-id=\"47af51c\" data-element_type=\"widget\" data-e-type=\"widget\" data-widget_type=\"image.default\">\n\t\t\t\t\t\t\t\t\t\t\t\t\t\t\t<img decoding=\"async\" width=\"1024\" height=\"683\" src=\"https:\/\/cme.es\/wp-content\/uploads\/2025\/01\/H9-1024x683.jpg\" class=\"attachment-large size-large wp-image-2152\" alt=\"\" srcset=\"https:\/\/cme.es\/wp-content\/uploads\/2025\/01\/H9-1024x683.jpg 1024w, https:\/\/cme.es\/wp-content\/uploads\/2025\/01\/H9-300x200.jpg 300w, https:\/\/cme.es\/wp-content\/uploads\/2025\/01\/H9-768x512.jpg 768w, https:\/\/cme.es\/wp-content\/uploads\/2025\/01\/H9-1536x1024.jpg 1536w, https:\/\/cme.es\/wp-content\/uploads\/2025\/01\/H9-2048x1365.jpg 2048w, https:\/\/cme.es\/wp-content\/uploads\/2025\/01\/H9-400x267.jpg 400w, https:\/\/cme.es\/wp-content\/uploads\/2025\/01\/H9-900x600.jpg 900w, https:\/\/cme.es\/wp-content\/uploads\/2025\/01\/H9-272x182.jpg 272w\" sizes=\"(max-width: 1024px) 100vw, 1024px\" \/>\t\t\t\t\t\t\t\t\t\t\t\t\t\t\t<\/div>\n\t\t\t\t<div class=\"elementor-element elementor-element-cd37015 elementor-widget elementor-widget-text-editor\" data-id=\"cd37015\" data-element_type=\"widget\" data-e-type=\"widget\" data-widget_type=\"text-editor.default\">\n\t\t\t\t\t\t\t\t\t<h3><span style=\"font-size: 24pt;\"><strong>01 F\u00daTBOL<\/strong><\/span><\/h3><p><span style=\"font-size: 14pt;\">Todos los equipos de la Escuela de F\u00fatbol\u00a0MONTA\u00d1ERO CF tienen\u00a0<strong>2 entrenamientos semanales y compiten en partidos los fines de semana<\/strong>\u00a0seg\u00fan el calendario de la RFAF.<\/span><br \/><span style=\"font-size: 14pt;\">Inscritos en esta\u00a0<a href=\"https:\/\/www.rfaf.es\/pnfg\/\"><strong>Federaci\u00f3n<\/strong><\/a>, seg\u00fan las diferentes categor\u00edas, todos cuentan con un equipo t\u00e9cnico compuesto por\u00a0<strong>entrenadores titulados (tambi\u00e9n espec\u00edfico de porteros), fisioterapeuta y nutricionista adem\u00e1s de un m\u00e1nager educativo<\/strong>\u00a0que ayuda a todos los jugadores a alcanzar los objetivos del proyecto<\/span><br \/><span style=\"font-size: 14pt;\">formativo del club.<\/span><\/p><p><span style=\"font-size: 14pt;\">Formar parte de la Escuela Deportivas incluye la\u00a0<strong>inscripci\u00f3n del jugador como socio del Club Juvenil CME.<\/strong><\/span><\/p><p><span style=\"font-size: 14pt;\"><strong>Contamos con equipos en las categor\u00edas: alev\u00edn (5\u00ba y 6\u00ba EP), infantil (1\u00ba y 2\u00ba ESO), cadete\u00a0 (3\u00ba y 4\u00ba ESO) y juvenil (BACH y Universitarios de primer a\u00f1o).<\/strong><\/span><\/p>\t\t\t\t\t\t\t\t<\/div>\n\t\t\t\t\t<\/div>\n\t\t\t\t<\/div>\n\t\t<div class=\"elementor-element elementor-element-f305873 e-grid e-con-boxed e-con e-parent\" data-id=\"f305873\" data-element_type=\"container\" data-e-type=\"container\">\n\t\t\t\t\t<div class=\"e-con-inner\">\n\t\t\t\t<div class=\"elementor-element elementor-element-49f4f0b elementor-widget elementor-widget-text-editor\" data-id=\"49f4f0b\" data-element_type=\"widget\" data-e-type=\"widget\" data-widget_type=\"text-editor.default\">\n\t\t\t\t\t\t\t\t\t<h3 style=\"font-family: Urbanist, sans-serif; color: #0f0d1d; text-transform: none; font-style: normal; text-decoration-thickness: initial; text-decoration-style: initial; text-decoration-color: initial; letter-spacing: 0.15px;\"><span style=\"font-size: 24pt;\"><strong>02 ESTUDIO<\/strong><\/span><\/h3><h3><span style=\"font-size: 14pt; color: #7a7a7a; font-family: Roboto, sans-serif; font-weight: 400; font-style: inherit; letter-spacing: 0.01em; text-transform: inherit;\">Al formar parte de la Escuela Deportiva Monta\u00f1ero CF, entrar\u00e1s como socio en la Asociaci\u00f3n Juvenil CME, donde podr\u00e1s <\/span><strong style=\"font-size: 14pt; color: #7a7a7a; font-family: Roboto, sans-serif; font-style: inherit; letter-spacing: 0.01em; text-transform: inherit;\">beneficiarte de todas las actividades<\/strong><span style=\"font-size: 14pt; color: #7a7a7a; font-family: Roboto, sans-serif; font-weight: 400; font-style: inherit; letter-spacing: 0.01em; text-transform: inherit;\"> que se ofrecen, especialmente, del estudio. Podr\u00e1s <\/span><strong style=\"font-size: 14pt; color: #7a7a7a; font-family: Roboto, sans-serif; font-style: inherit; letter-spacing: 0.01em; text-transform: inherit;\">compatibilizar<\/strong><span style=\"font-size: 14pt; color: #7a7a7a; font-family: Roboto, sans-serif; font-weight: 400; font-style: inherit; letter-spacing: 0.01em; text-transform: inherit;\"> tu actividad acad\u00e9mica con la deportiva con m\u00e1s facilidad.<\/span><\/h3>\t\t\t\t\t\t\t\t<\/div>\n\t\t\t\t<div class=\"elementor-element elementor-element-e6fd02c elementor-widget elementor-widget-image\" data-id=\"e6fd02c\" data-element_type=\"widget\" data-e-type=\"widget\" data-widget_type=\"image.default\">\n\t\t\t\t\t\t\t\t\t\t\t\t\t\t\t<img decoding=\"async\" width=\"1024\" height=\"768\" src=\"https:\/\/cme.es\/wp-content\/uploads\/2026\/01\/ca9120ac-831f-4c26-be4a-0982a838a1cd-3-1024x768.jpg\" class=\"attachment-large size-large wp-image-2394\" alt=\"\" srcset=\"https:\/\/cme.es\/wp-content\/uploads\/2026\/01\/ca9120ac-831f-4c26-be4a-0982a838a1cd-3-1024x768.jpg 1024w, https:\/\/cme.es\/wp-content\/uploads\/2026\/01\/ca9120ac-831f-4c26-be4a-0982a838a1cd-3-300x225.jpg 300w, https:\/\/cme.es\/wp-content\/uploads\/2026\/01\/ca9120ac-831f-4c26-be4a-0982a838a1cd-3-768x576.jpg 768w, https:\/\/cme.es\/wp-content\/uploads\/2026\/01\/ca9120ac-831f-4c26-be4a-0982a838a1cd-3-1536x1152.jpg 1536w, https:\/\/cme.es\/wp-content\/uploads\/2026\/01\/ca9120ac-831f-4c26-be4a-0982a838a1cd-3-2048x1536.jpg 2048w\" sizes=\"(max-width: 1024px) 100vw, 1024px\" \/>\t\t\t\t\t\t\t\t\t\t\t\t\t\t\t<\/div>\n\t\t\t\t\t<\/div>\n\t\t\t\t<\/div>\n\t\t<div class=\"elementor-element elementor-element-438c617 e-grid e-con-boxed e-con e-parent\" data-id=\"438c617\" data-element_type=\"container\" data-e-type=\"container\">\n\t\t\t\t\t<div class=\"e-con-inner\">\n\t\t\t\t<div class=\"elementor-element elementor-element-0601bae elementor-widget elementor-widget-image\" data-id=\"0601bae\" data-element_type=\"widget\" data-e-type=\"widget\" data-widget_type=\"image.default\">\n\t\t\t\t\t\t\t\t\t\t\t\t\t\t\t<img loading=\"lazy\" decoding=\"async\" width=\"1024\" height=\"635\" src=\"https:\/\/cme.es\/wp-content\/uploads\/2025\/01\/DSC_0023-scaled-e1738327668265-1024x635.jpg\" class=\"attachment-large size-large wp-image-2149\" alt=\"\" srcset=\"https:\/\/cme.es\/wp-content\/uploads\/2025\/01\/DSC_0023-scaled-e1738327668265-1024x635.jpg 1024w, https:\/\/cme.es\/wp-content\/uploads\/2025\/01\/DSC_0023-scaled-e1738327668265-300x186.jpg 300w, https:\/\/cme.es\/wp-content\/uploads\/2025\/01\/DSC_0023-scaled-e1738327668265-768x476.jpg 768w, https:\/\/cme.es\/wp-content\/uploads\/2025\/01\/DSC_0023-scaled-e1738327668265-1536x952.jpg 1536w, https:\/\/cme.es\/wp-content\/uploads\/2025\/01\/DSC_0023-scaled-e1738327668265-2048x1270.jpg 2048w, https:\/\/cme.es\/wp-content\/uploads\/2025\/01\/DSC_0023-scaled-e1738327668265-400x248.jpg 400w, https:\/\/cme.es\/wp-content\/uploads\/2025\/01\/DSC_0023-scaled-e1738327668265-968x600.jpg 968w\" sizes=\"(max-width: 1024px) 100vw, 1024px\" \/>\t\t\t\t\t\t\t\t\t\t\t\t\t\t\t<\/div>\n\t\t\t\t<div class=\"elementor-element elementor-element-1e74e6b elementor-widget elementor-widget-text-editor\" data-id=\"1e74e6b\" data-element_type=\"widget\" data-e-type=\"widget\" data-widget_type=\"text-editor.default\">\n\t\t\t\t\t\t\t\t\t<h3><strong>03 FORMACI\u00d3N<\/strong><\/h3><p><span style=\"font-size: 14pt;\">En CME tenemos claro que no todo es f\u00fatbol. Por ello, cada socio cuenta con un seguimiento personalizado, en el que se pretende su crecimiento en valores y virtudes, desde una perspectiva cristiana de la vida, con el fin de formar personas que puedan afrontar los desaf\u00edos del futuro desde el esfuerzo, la honradez, la solidaridad, y el trabajo en equipo.<\/span><\/p>\t\t\t\t\t\t\t\t<\/div>\n\t\t\t\t\t<\/div>\n\t\t\t\t<\/div>\n\t\t<div class=\"elementor-element elementor-element-77fee3c e-flex e-con-boxed e-con e-parent\" data-id=\"77fee3c\" data-element_type=\"container\" data-e-type=\"container\">\n\t\t\t\t\t<div class=\"e-con-inner\">\n\t\t\t\t<div class=\"elementor-element elementor-element-5a53b1fb elementor-widget elementor-widget-text-editor\" data-id=\"5a53b1fb\" data-element_type=\"widget\" data-e-type=\"widget\" data-widget_type=\"text-editor.default\">\n\t\t\t\t\t\t\t\t\t<h2><strong>\u00a0<\/strong><\/h2><h3><span style=\"color: #993300;\">El deporte y el estudio como medios de formaci\u00f3n integral de tu hijo<\/span><\/h3><p><span style=\"font-size: 14pt;\">Ponte en contacto con nosotros a trav\u00e9s de <a href=\"mailto:cmegranada@gmail.com\">cmegranada@gmail.com<\/a> si quieres formar parte de nuestro equipo.<\/span><\/p><hr \/><h2 style=\"text-align: center;\"><span style=\"font-size: 14pt;\"><strong>Patrocina:<\/strong><\/span><\/h2><p><img loading=\"lazy\" decoding=\"async\" class=\"aligncenter wp-image-2132\" src=\"https:\/\/cme.es\/wp-content\/uploads\/2025\/01\/LONA-PATROCINADORES-e1738151689620-1024x427.png\" alt=\"\" width=\"331\" height=\"138\" srcset=\"https:\/\/cme.es\/wp-content\/uploads\/2025\/01\/LONA-PATROCINADORES-e1738151689620-1024x427.png 1024w, https:\/\/cme.es\/wp-content\/uploads\/2025\/01\/LONA-PATROCINADORES-e1738151689620-300x125.png 300w, https:\/\/cme.es\/wp-content\/uploads\/2025\/01\/LONA-PATROCINADORES-e1738151689620-768x320.png 768w, https:\/\/cme.es\/wp-content\/uploads\/2025\/01\/LONA-PATROCINADORES-e1738151689620-400x167.png 400w, https:\/\/cme.es\/wp-content\/uploads\/2025\/01\/LONA-PATROCINADORES-e1738151689620.png 1200w\" sizes=\"(max-width: 331px) 100vw, 331px\" \/><\/p><hr \/><h2 style=\"text-align: center;\"><span style=\"font-size: 14pt;\"><strong>Colabora:<\/strong><\/span><\/h2><p><img loading=\"lazy\" decoding=\"async\" class=\"aligncenter wp-image-2133\" src=\"https:\/\/cme.es\/wp-content\/uploads\/2025\/01\/LONA-PATROCINADORES-1-e1738151859804-1024x249.png\" alt=\"\" width=\"300\" height=\"73\" srcset=\"https:\/\/cme.es\/wp-content\/uploads\/2025\/01\/LONA-PATROCINADORES-1-e1738151859804-1024x249.png 1024w, https:\/\/cme.es\/wp-content\/uploads\/2025\/01\/LONA-PATROCINADORES-1-e1738151859804-300x73.png 300w, https:\/\/cme.es\/wp-content\/uploads\/2025\/01\/LONA-PATROCINADORES-1-e1738151859804-768x187.png 768w, https:\/\/cme.es\/wp-content\/uploads\/2025\/01\/LONA-PATROCINADORES-1-e1738151859804-400x97.png 400w, https:\/\/cme.es\/wp-content\/uploads\/2025\/01\/LONA-PATROCINADORES-1-e1738151859804.png 1115w\" sizes=\"(max-width: 300px) 100vw, 300px\" \/><\/p>\t\t\t\t\t\t\t\t<\/div>\n\t\t\t\t\t<\/div>\n\t\t\t\t<\/div>\n\t\t\t\t<\/div>\n\t\t","protected":false},"excerpt":{"rendered":"<p>3 MOTIVOS PARA ELEGIR LA ESCUELA DEPORTIVA MONTA\u00d1ERO CF 01 F\u00daTBOL Todos los equipos de la Escuela de F\u00fatbol\u00a0MONTA\u00d1ERO CF tienen\u00a02 entrenamientos semanales y compiten en partidos los fines de&hellip;<\/p>\n","protected":false},"author":1,"featured_media":0,"parent":0,"menu_order":0,"comment_status":"closed","ping_status":"closed","template":"","meta":{"footnotes":""},"class_list":["post-889","page","type-page","status-publish","hentry"],"jetpack_sharing_enabled":true,"jetpack_shortlink":"https:\/\/wp.me\/P76rMC-el","_links":{"self":[{"href":"https:\/\/cme.es\/index.php?rest_route=\/wp\/v2\/pages\/889","targetHints":{"allow":["GET"]}}],"collection":[{"href":"https:\/\/cme.es\/index.php?rest_route=\/wp\/v2\/pages"}],"about":[{"href":"https:\/\/cme.es\/index.php?rest_route=\/wp\/v2\/types\/page"}],"author":[{"embeddable":true,"href":"https:\/\/cme.es\/index.php?rest_route=\/wp\/v2\/users\/1"}],"replies":[{"embeddable":true,"href":"https:\/\/cme.es\/index.php?rest_route=%2Fwp%2Fv2%2Fcomments&post=889"}],"version-history":[{"count":32,"href":"https:\/\/cme.es\/index.php?rest_route=\/wp\/v2\/pages\/889\/revisions"}],"predecessor-version":[{"id":2435,"href":"https:\/\/cme.es\/index.php?rest_route=\/wp\/v2\/pages\/889\/revisions\/2435"}],"wp:attachment":[{"href":"https:\/\/cme.es\/index.php?rest_route=%2Fwp%2Fv2%2Fmedia&parent=889"}],"curies":[{"name":"wp","href":"https:\/\/api.w.org\/{rel}","templated":true}]}}